{"id":577,"date":"2024-06-18T13:27:05","date_gmt":"2024-06-18T13:27:05","guid":{"rendered":"https:\/\/elfrida.qodeinteractive.com\/?page_id=577"},"modified":"2025-05-07T12:42:46","modified_gmt":"2025-05-07T12:42:46","slug":"about-us","status":"publish","type":"page","link":"https:\/\/hellos.tr\/ar\/about-us\/","title":{"rendered":"\u0645\u0646 \u0646\u062d\u0646"},"content":{"rendered":"<div data-elementor-type=\"wp-page\" data-elementor-id=\"577\" class=\"elementor elementor-577\" data-elementor-post-type=\"page\">\n\t\t\t\t<div class=\"elementor-element elementor-element-c85787a e-con-full e-flex e-con e-parent\" data-id=\"c85787a\" data-element_type=\"container\" data-settings=\"{&quot;background_background&quot;:&quot;classic&quot;}\">\n\t\t<div class=\"elementor-element elementor-element-0de23af e-con-full e-flex e-con e-child\" data-id=\"0de23af\" data-element_type=\"container\">\n\t\t\t\t<div class=\"elementor-element elementor-element-baa2bef elementor-widget elementor-widget-heading\" data-id=\"baa2bef\" data-element_type=\"widget\" data-widget_type=\"heading.default\">\n\t\t\t\t<div class=\"elementor-widget-container\">\n\t\t\t<h2 class=\"elementor-heading-title elementor-size-default\">\u0645\u0646 \u0646\u062d\u0646<\/h2>\t\t<\/div>\n\t\t\t\t<\/div>\n\t\t\t\t<div class=\"elementor-element elementor-element-d59df4c elementor-widget elementor-widget-heading\" data-id=\"d59df4c\" data-element_type=\"widget\" data-widget_type=\"heading.default\">\n\t\t\t\t<div class=\"elementor-widget-container\">\n\t\t\t<h2 class=\"elementor-heading-title elementor-size-default\">\u0646\u062d\u0646 \u0634\u0631\u0643\u0629 \u0639\u0637\u0648\u0631 \u062c\u062f\u064a\u062f\u0629 \u062a\u0645\u0627\u0645\u064b\u0627 \u062a\u0623\u0633\u0633\u062a \u0641\u064a \u0639\u0627\u0645 2022\u060c \u0648\u0644\u0643\u0646 \u0644\u0627 \u062a\u062f\u0639 \u0639\u0645\u0631\u0646\u0627 \u064a\u062e\u062f\u0639\u0643<\/h2>\t\t<\/div>\n\t\t\t\t<\/div>\n\t\t\t\t<div class=\"elementor-element elementor-element-ddc42d6 elementor-widget elementor-widget-heading\" data-id=\"ddc42d6\" data-element_type=\"widget\" data-widget_type=\"heading.default\">\n\t\t\t\t<div class=\"elementor-widget-container\">\n\t\t\t<h2 class=\"elementor-heading-title elementor-size-default\">\u062a\u0645\u062a\u0639 \u0645\u0624\u0633\u0633\u0648\u0646\u0627 \u0628\u0633\u0646\u0648\u0627\u062a \u0645\u0646 \u0627\u0644\u062e\u0628\u0631\u0629 \u0641\u064a \u0627\u0644\u0635\u0646\u0627\u0639\u0629 \u0648\u0647\u0645 \u0645\u0643\u0631\u0633\u0648\u0646 \u0644\u0625\u0646\u0634\u0627\u0621 \u0639\u0637\u0648\u0631 \u0639\u0627\u0644\u064a\u0629 \u0627\u0644\u062c\u0648\u062f\u0629 \u0648\u0628\u0623\u0633\u0639\u0627\u0631 \u0645\u0639\u0642\u0648\u0644\u0629 \u0644\u0644\u062c\u0645\u064a\u0639.\n\n\n\u0641\u064a HELLO'S\u060c \u0646\u0624\u0645\u0646 \u0628\u0627\u0644\u0634\u0641\u0627\u0641\u064a\u0629 \u0627\u0644\u0643\u0627\u0645\u0644\u0629 \u0648\u0627\u0644\u062a\u062d\u0643\u0645 \u0641\u064a \u0643\u0644 \u062c\u0627\u0646\u0628 \u0645\u0646 \u062c\u0648\u0627\u0646\u0628 \u0645\u0646\u062a\u062c\u0627\u062a\u0646\u0627. \u0645\u0646 \u0627\u0644\u0639\u0628\u0648\u0629 \u0625\u0644\u0649 \u0627\u0644\u0639\u0637\u0631 \u0646\u0641\u0633\u0647\u060c \u0646\u062a\u0639\u0627\u0645\u0644 \u0645\u0639 \u0643\u0644 \u062e\u0637\u0648\u0629 \u0645\u0646 \u062e\u0637\u0648\u0627\u062a \u0627\u0644\u0639\u0645\u0644\u064a\u0629 \u0644\u0636\u0645\u0627\u0646 \u062d\u0635\u0648\u0644 \u0639\u0645\u0644\u0627\u0626\u0646\u0627 \u0639\u0644\u0649 \u0623\u0641\u0636\u0644 \u0645\u0646\u062a\u062c \u0645\u0645\u0643\u0646 \u0628\u0633\u0639\u0631 \u0644\u0646 \u064a\u0643\u0633\u0631 \u0627\u0644\u0628\u0646\u0643.\n<\/h2>\t\t<\/div>\n\t\t\t\t<\/div>\n\t\t\t\t<\/div>\n\t\t\t\t<\/div>\n\t\t<div class=\"elementor-element elementor-element-12488af e-con-full e-flex e-con e-parent\" data-id=\"12488af\" data-element_type=\"container\" data-settings=\"{&quot;background_background&quot;:&quot;classic&quot;}\">\n\t\t<div class=\"elementor-element elementor-element-eb4e9c7 e-con-full e-flex e-con e-child\" data-id=\"eb4e9c7\" data-element_type=\"container\">\n\t\t<div class=\"elementor-element elementor-element-fc30220 e-con-full e-flex e-con e-child\" data-id=\"fc30220\" data-element_type=\"container\">\n\t\t\t\t<div class=\"elementor-element elementor-element-b383fb4 elementor-widget-tablet__width-inherit elementor-widget__width-initial elementor-widget elementor-widget-elfrida_core_single_image\" data-id=\"b383fb4\" data-element_type=\"widget\" data-widget_type=\"elfrida_core_single_image.default\">\n\t\t\t\t<div class=\"elementor-widget-container\">\n\t\t\t<div class=\"qodef-shortcode qodef-m  qodef-single-image qodef-layout--default    qodef-alignment--center qodef--has-appear qodef-appear--reveal-from-right\"  >\n\t\t\t<div class=\"qodef-m-image\">\n\t\t\t\t\t\t\t\t<img fetchpriority=\"high\" decoding=\"async\" width=\"500\" height=\"500\" src=\"https:\/\/hellos.tr\/wp-content\/uploads\/2024\/10\/500\u0621500.jpg\" class=\"attachment-full size-full\" alt=\"\" srcset=\"https:\/\/hellos.tr\/wp-content\/uploads\/2024\/10\/500\u0621500.jpg 500w, https:\/\/hellos.tr\/wp-content\/uploads\/2024\/10\/500\u0621500-300x300.jpg 300w, https:\/\/hellos.tr\/wp-content\/uploads\/2024\/10\/500\u0621500-150x150.jpg 150w, https:\/\/hellos.tr\/wp-content\/uploads\/2024\/10\/500\u0621500-100x100.jpg 100w\" sizes=\"(max-width: 500px) 100vw, 500px\" \/>\t\t\t\t\t\t\t<\/div>\n\t<\/div>\n\t\t<\/div>\n\t\t\t\t<\/div>\n\t\t\t\t<\/div>\n\t\t<div class=\"elementor-element elementor-element-36d82af e-con-full e-flex e-con e-child\" data-id=\"36d82af\" data-element_type=\"container\">\n\t\t\t\t<div class=\"elementor-element elementor-element-b1f28a6 elementor-widget__width-initial elementor-widget-tablet__width-initial elementor-widget-mobile__width-inherit elementor-widget elementor-widget-elfrida_core_info_section\" data-id=\"b1f28a6\" data-element_type=\"widget\" data-widget_type=\"elfrida_core_info_section.default\">\n\t\t\t\t<div class=\"elementor-widget-container\">\n\t\t\t<div class=\"qodef-shortcode qodef-m  qodef-info-section qodef-layout--background-text  qodef-background-text-pos--top-left\">\n\t<div class=\"qodef-m-background-text qodef--has-appear\">\n\t\t\t<\/div>\n\t<div class=\"qodef-m-info\">\n\t\t\t<h3 class=\"qodef-m-title\" style=\"color: #13161A\">\n\t\t\u0647\u062f\u0641\u0646\u0627 \u0647\u0648 \u062c\u0644\u0628 \u0639\u0637\u0648\u0631\u0646\u0627 \u0627\u0644\u0641\u0631\u064a\u062f\u0629 \u0625\u0644\u0649 \u062a\u0631\u0643\u064a\u0627 \u0648\u0628\u0642\u064a\u0629 \u0627\u0644\u0639\u0627\u0644\u0645. \u0646\u062d\u0646 \u0646\u062f\u0631\u0643 \u0623\u0646 \u0644\u0643\u0644 \u0634\u062e\u0635 \u0623\u0630\u0648\u0627\u0642 \u0648\u062a\u0641\u0636\u064a\u0644\u0627\u062a \u0645\u062e\u062a\u0644\u0641\u0629\u060c \u0648\u0644\u0647\u0630\u0627 \u0627\u0644\u0633\u0628\u0628 \u0646\u0633\u0639\u0649 \u062c\u0627\u0647\u062f\u064a\u0646 \u0644\u0625\u0646\u0634\u0627\u0621 \u0639\u0637\u0648\u0631 \u0645\u0646\u0627\u0633\u0628\u0629 \u0644\u062c\u0645\u064a\u0639 \u0627\u0644\u0623\u0639\u0645\u0627\u0631 \u0648\u062a\u0631\u0636\u064a \u0645\u062c\u0645\u0648\u0639\u0629 \u0648\u0627\u0633\u0639\u0629 \u0645\u0646 \u0627\u0644\u0623\u0630\u0648\u0627\u0642. \t<\/h3>\n\t\t\t<p class=\"qodef-m-text\" style=\"color: #13161A\"> \u0643\u0645\u0627 \u0646\u0648\u0627\u0643\u0628 \u0623\u062d\u062f\u062b \u0627\u0644\u0627\u062a\u062c\u0627\u0647\u0627\u062a \u0641\u064a \u0627\u0644\u0635\u0646\u0627\u0639\u0629 \u0644\u0646\u0642\u062f\u0645 \u0644\u0643 \u0623\u0643\u062b\u0631 \u0627\u0644\u0631\u0648\u0627\u0626\u062d \u0623\u0646\u0627\u0642\u0629 . \u0641\u064a HELLO'S\u060c \u0646\u062d\u0646 \u0645\u0644\u062a\u0632\u0645\u0648\u0646 \u0628\u0627\u0633\u062a\u062e\u062f\u0627\u0645 \u0623\u062c\u0648\u062f \u0627\u0644\u0645\u0648\u0627\u062f \u0627\u0644\u062e\u0627\u0645 \u0641\u0642\u0637 \u0644\u0625\u0646\u0634\u0627\u0621 \u0639\u0637\u0648\u0631\u0646\u0627. \u0646\u0624\u0645\u0646 \u0628\u0642\u0648\u0629 \u0627\u0644\u0645\u0643\u0648\u0646\u0627\u062a \u0627\u0644\u0637\u0628\u064a\u0639\u064a\u0629 \u0648\u0646\u0633\u062a\u062e\u062f\u0645\u0647\u0627 \u0643\u0644\u0645\u0627 \u0623\u0645\u0643\u0646 \u0630\u0644\u0643. \u0628\u0627\u0644\u0625\u0636\u0627\u0641\u0629 \u0625\u0644\u0649 \u0630\u0644\u0643\u060c \u0646\u062d\u0646 \u0646\u062f\u0631\u0643 \u062a\u0623\u062b\u064a\u0631\u0646\u0627 \u0639\u0644\u0649 \u0627\u0644\u0628\u064a\u0626\u0629 \u0648\u0646\u0628\u0630\u0644 \u0642\u0635\u0627\u0631\u0649 \u062c\u0647\u062f\u0646\u0627 \u0644\u0625\u0646\u0634\u0627\u0621 \u0645\u0646\u062a\u062c\u0627\u062a\u0646\u0627 \u0628\u0637\u0631\u064a\u0642\u0629 \u0635\u062f\u064a\u0642\u0629 \u0644\u0644\u0628\u064a\u0626\u0629.\n<\/p>\n\t\t\t<div class=\"qodef-m-button\">\n\t\t\t<a class=\"qodef-shortcode qodef-m  qodef-button qodef-layout--filled  qodef-html--link\" href=\"https:\/\/hellos.tr\/ar\/contact-us\/\" target=\"_self\" style=\"--qode-button-color: #13161A;--qode-button-bg-color: #A1907800;--qode-button-border-color: #13161A;padding: 11.5px 57px\">\t\t<span class=\"qodef-m-text\">\u062a\u0648\u0627\u0635\u0644 \u0645\u0639\u0646\u0627<\/span>\t<\/a>\t\t<\/div>\n\t<\/div>\n<\/div>\n\t\t<\/div>\n\t\t\t\t<\/div>\n\t\t\t\t<\/div>\n\t\t\t\t<\/div>\n\t\t\t\t<\/div>\n\t\t<div class=\"elementor-element elementor-element-7ef5770 e-con-full e-flex e-con e-parent\" data-id=\"7ef5770\" data-element_type=\"container\" data-settings=\"{&quot;background_background&quot;:&quot;classic&quot;}\">\n\t\t<div class=\"elementor-element elementor-element-a962e03 e-con-full e-flex e-con e-child\" data-id=\"a962e03\" data-element_type=\"container\">\n\t\t<div class=\"elementor-element elementor-element-bc81dba e-con-full e-flex e-con e-child\" data-id=\"bc81dba\" data-element_type=\"container\">\n\t\t\t\t<div class=\"elementor-element elementor-element-e1a2bf2 elementor-widget__width-initial elementor-widget elementor-widget-text-editor\" data-id=\"e1a2bf2\" data-element_type=\"widget\" data-widget_type=\"text-editor.default\">\n\t\t\t\t<div class=\"elementor-widget-container\">\n\t\t\t\t\t\t\t<blockquote><p><span style=\"font-weight: 400;\">\u00a0\u0631\u0648\u0627\u0626\u062d\u0646\u0627 \u0647\u064a \u0634\u0647\u0627\u062f\u0629 \u0639\u0644\u0649 \u0627\u0644\u062a\u0632\u0627\u0645\u0646\u0627 \u0628\u0627\u0644\u062a\u0645\u064a\u0632. \u0645\u0639 \u0627\u0644\u062a\u0631\u0643\u064a\u0632 \u0639\u0644\u0649 \u0643\u0644 \u0627\u0644\u062a\u0641\u0627\u0635\u064a\u0644\u060c \u0646\u0635\u0646\u0639 \u0639\u0637\u0648\u0631\u064b\u0627 \u0641\u0631\u064a\u062f\u0629 \u0628\u0627\u0633\u062a\u062e\u062f\u0627\u0645 \u0623\u062c\u0648\u062f \u0627\u0644\u0645\u0643\u0648\u0646\u0627\u062a \u0641\u0642\u0637\u060c \u0645\u0645\u0627 \u064a\u0636\u0645\u0646 \u0623\u0646 \u064a\u062c\u0633\u062f \u0643\u0644 \u0639\u0637\u0631 \u0627\u0644\u0623\u0646\u0627\u0642\u0629 \u0648\u0627\u0644\u062c\u0648\u062f\u0629 \u0627\u0644\u062f\u0627\u0626\u0645\u0629. \u062a\u0645 \u062a\u0635\u0645\u064a\u0645 \u0643\u0644 \u0632\u062c\u0627\u062c\u0629 \u0644\u062a\u0643\u0648\u0646 \u0641\u0627\u062e\u0631\u0629 \u0648\u0633\u0647\u0644\u0629 \u0627\u0644\u0648\u0635\u0648\u0644\u060c \u0648\u062a\u0639\u0643\u0633 \u062a\u0641\u0627\u0646\u064a\u0646\u0627 \u0627\u0644\u062b\u0627\u0628\u062a \u0641\u064a \u0627\u0644\u062d\u0631\u0641\u064a\u0629 \u0627\u0644\u0627\u0633\u062a\u062b\u0646\u0627\u0626\u064a\u0629.<\/span><\/p><\/blockquote>\t\t\t\t\t\t<\/div>\n\t\t\t\t<\/div>\n\t\t\t\t<\/div>\n\t\t\t\t<\/div>\n\t\t<div class=\"elementor-element elementor-element-a0556ec e-con-full qodef--custom-appear qodef-appear--reveal-from-left e-flex e-con e-child\" data-id=\"a0556ec\" data-element_type=\"container\" data-settings=\"{&quot;background_background&quot;:&quot;classic&quot;}\">\n\t\t\t\t<div class=\"elementor-element elementor-element-6288c95 elementor-widget elementor-widget-spacer\" data-id=\"6288c95\" data-element_type=\"widget\" data-widget_type=\"spacer.default\">\n\t\t\t\t<div class=\"elementor-widget-container\">\n\t\t\t\t\t<div class=\"elementor-spacer\">\n\t\t\t<div class=\"elementor-spacer-inner\"><\/div>\n\t\t<\/div>\n\t\t\t\t<\/div>\n\t\t\t\t<\/div>\n\t\t\t\t<\/div>\n\t\t\t\t<\/div>\n\t\t<div class=\"elementor-element elementor-element-121f82b e-con-full e-flex e-con e-parent\" data-id=\"121f82b\" data-element_type=\"container\" data-settings=\"{&quot;background_background&quot;:&quot;classic&quot;}\">\n\t\t<div class=\"elementor-element elementor-element-4de8209 e-con-full e-flex e-con e-child\" data-id=\"4de8209\" data-element_type=\"container\">\n\t\t<div class=\"elementor-element elementor-element-669dae7 e-con-full e-flex e-con e-child\" data-id=\"669dae7\" data-element_type=\"container\">\n\t\t\t\t<div class=\"elementor-element elementor-element-43f3e2d elementor-widget elementor-widget-image\" data-id=\"43f3e2d\" data-element_type=\"widget\" data-widget_type=\"image.default\">\n\t\t\t\t<div class=\"elementor-widget-container\">\n\t\t\t\t\t\t\t\t\t\t\t\t\t<img decoding=\"async\" width=\"650\" height=\"466\" src=\"https:\/\/hellos.tr\/wp-content\/uploads\/2024\/10\/Frame-39.png\" class=\"attachment-full size-full wp-image-7511\" alt=\"\" srcset=\"https:\/\/hellos.tr\/wp-content\/uploads\/2024\/10\/Frame-39.png 650w, https:\/\/hellos.tr\/wp-content\/uploads\/2024\/10\/Frame-39-300x215.png 300w, https:\/\/hellos.tr\/wp-content\/uploads\/2024\/10\/Frame-39-600x430.png 600w\" sizes=\"(max-width: 650px) 100vw, 650px\" \/>\t\t\t\t\t\t\t\t\t\t\t\t\t<\/div>\n\t\t\t\t<\/div>\n\t\t\t\t<\/div>\n\t\t<div class=\"elementor-element elementor-element-9829f97 e-con-full e-flex e-con e-child\" data-id=\"9829f97\" data-element_type=\"container\">\n\t\t<div class=\"elementor-element elementor-element-1ff84f8 e-con-full e-flex e-con e-child\" data-id=\"1ff84f8\" data-element_type=\"container\">\n\t\t\t\t<div class=\"elementor-element elementor-element-037f250 elementor-widget elementor-widget-heading\" data-id=\"037f250\" data-element_type=\"widget\" data-widget_type=\"heading.default\">\n\t\t\t\t<div class=\"elementor-widget-container\">\n\t\t\t<h2 class=\"elementor-heading-title elementor-size-default\">\u0646\u062d\u0646 \u0645\u0648\u062c\u0648\u062f\u0648\u0646 \u0641\u064a<\/h2>\t\t<\/div>\n\t\t\t\t<\/div>\n\t\t\t\t<\/div>\n\t\t<div class=\"elementor-element elementor-element-9d95990 e-con-full e-flex e-con e-child\" data-id=\"9d95990\" data-element_type=\"container\">\n\t\t<div class=\"elementor-element elementor-element-64893bf e-con-full e-flex e-con e-child\" data-id=\"64893bf\" data-element_type=\"container\">\n\t\t<div class=\"elementor-element elementor-element-f59cd41 e-con-full e-flex e-con e-child\" data-id=\"f59cd41\" data-element_type=\"container\">\n\t\t\t\t<div class=\"elementor-element elementor-element-5959a99 elementor-widget elementor-widget-heading\" data-id=\"5959a99\" data-element_type=\"widget\" data-widget_type=\"heading.default\">\n\t\t\t\t<div class=\"elementor-widget-container\">\n\t\t\t<h2 class=\"elementor-heading-title elementor-size-default\">\u062a\u0631\u0643\u064a\u0627 - \u0627\u0633\u0637\u0646\u0628\u0648\u0644<\/h2>\t\t<\/div>\n\t\t\t\t<\/div>\n\t\t\t\t<\/div>\n\t\t<div class=\"elementor-element elementor-element-1bd8a31 e-con-full e-flex e-con e-child\" data-id=\"1bd8a31\" data-element_type=\"container\">\n\t\t<div class=\"elementor-element elementor-element-6d74844 e-con-full e-flex e-con e-child\" data-id=\"6d74844\" data-element_type=\"container\">\n\t\t\t\t<div class=\"elementor-element elementor-element-5038fad elementor-position-left elementor-vertical-align-middle elementor-view-default elementor-vertical-align-top elementor-widget elementor-widget-icon-box\" data-id=\"5038fad\" data-element_type=\"widget\" data-widget_type=\"icon-box.default\">\n\t\t\t\t<div class=\"elementor-widget-container\">\n\t\t\t\t\t<div class=\"elementor-icon-box-wrapper\">\n\n\t\t\t\t\t\t<div class=\"elementor-icon-box-icon\">\n\t\t\t\t<span  class=\"elementor-icon elementor-animation-\">\n\t\t\t\t<svg xmlns=\"http:\/\/www.w3.org\/2000\/svg\" width=\"40\" height=\"40\" viewbox=\"0 0 40 40\" fill=\"none\"><circle cx=\"20\" cy=\"20\" r=\"20\" fill=\"#CFB17B\"><\/circle><g clip-path=\"url(#clip0_484_460)\"><path d=\"M20 22.3334C21.933 22.3334 23.5 20.7664 23.5 18.8334C23.5 16.9004 21.933 15.3334 20 15.3334C18.0669 15.3334 16.5 16.9004 16.5 18.8334C16.5 20.7664 18.0669 22.3334 20 22.3334Z\" stroke=\"white\" stroke-linecap=\"round\" stroke-linejoin=\"round\"><\/path><path d=\"M20 32.5C25.1547 30.1667 29.3346 23.988 29.3346 18.8333C29.3346 13.6787 25.156 9.5 20.0013 9.5C14.8466 9.5 10.668 13.6787 10.668 18.8333C10.668 23.988 14.8453 30.1667 20 32.5Z\" stroke=\"white\" stroke-linecap=\"round\" stroke-linejoin=\"round\"><\/path><\/g><defs><clippath id=\"clip0_484_460\"><rect width=\"28\" height=\"28\" fill=\"white\" transform=\"translate(6 6)\"><\/rect><\/clippath><\/defs><\/svg>\t\t\t\t<\/span>\n\t\t\t<\/div>\n\t\t\t\n\t\t\t\t\t\t<div class=\"elementor-icon-box-content\">\n\n\t\t\t\t\t\t\t\t\t<h3 class=\"elementor-icon-box-title\">\n\t\t\t\t\t\t<span  >\n\t\t\t\t\t\t\tKAYABA\u015eI MAH. KAYA\u015eEH\u0130R BUL. AVRUPA KONUTLARI 1. ETAP S\u0130TES\u0130 1 BLOK A G\u0130R\u0130\u015e\u0130 NO: 55EB BA\u015eAK\u015eEH\u0130R \/ \u0130STANBUL\t\t\t\t\t\t<\/span>\n\t\t\t\t\t<\/h3>\n\t\t\t\t\n\t\t\t\t\n\t\t\t<\/div>\n\t\t\t\n\t\t<\/div>\n\t\t\t\t<\/div>\n\t\t\t\t<\/div>\n\t\t\t\t<\/div>\n\t\t\t\t<\/div>\n\t\t\t\t<\/div>\n\t\t\t\t<\/div>\n\t\t<div class=\"elementor-element elementor-element-7f3ae7a e-con-full e-flex e-con e-child\" data-id=\"7f3ae7a\" data-element_type=\"container\">\n\t\t<div class=\"elementor-element elementor-element-703a1ad e-con-full e-flex e-con e-child\" data-id=\"703a1ad\" data-element_type=\"container\">\n\t\t<div class=\"elementor-element elementor-element-010a8c1 e-con-full e-flex e-con e-child\" data-id=\"010a8c1\" data-element_type=\"container\">\n\t\t\t\t<div class=\"elementor-element elementor-element-5405ac4 elementor-widget elementor-widget-heading\" data-id=\"5405ac4\" data-element_type=\"widget\" data-widget_type=\"heading.default\">\n\t\t\t\t<div class=\"elementor-widget-container\">\n\t\t\t<h2 class=\"elementor-heading-title elementor-size-default\">\u0633\u0648\u0631\u064a\u0627 - \u062d\u0644\u0628<\/h2>\t\t<\/div>\n\t\t\t\t<\/div>\n\t\t\t\t<\/div>\n\t\t<div class=\"elementor-element elementor-element-1d5fba9 e-con-full e-flex e-con e-child\" data-id=\"1d5fba9\" data-element_type=\"container\">\n\t\t<div class=\"elementor-element elementor-element-e9b62b4 e-con-full e-flex e-con e-child\" data-id=\"e9b62b4\" data-element_type=\"container\">\n\t\t\t\t<div class=\"elementor-element elementor-element-c1a5206 elementor-position-left elementor-vertical-align-middle elementor-view-default elementor-vertical-align-top elementor-widget elementor-widget-icon-box\" data-id=\"c1a5206\" data-element_type=\"widget\" data-widget_type=\"icon-box.default\">\n\t\t\t\t<div class=\"elementor-widget-container\">\n\t\t\t\t\t<div class=\"elementor-icon-box-wrapper\">\n\n\t\t\t\t\t\t<div class=\"elementor-icon-box-icon\">\n\t\t\t\t<span  class=\"elementor-icon elementor-animation-\">\n\t\t\t\t<svg xmlns=\"http:\/\/www.w3.org\/2000\/svg\" width=\"40\" height=\"40\" viewbox=\"0 0 40 40\" fill=\"none\"><circle cx=\"20\" cy=\"20\" r=\"20\" fill=\"#CFB17B\"><\/circle><g clip-path=\"url(#clip0_484_460)\"><path d=\"M20 22.3334C21.933 22.3334 23.5 20.7664 23.5 18.8334C23.5 16.9004 21.933 15.3334 20 15.3334C18.0669 15.3334 16.5 16.9004 16.5 18.8334C16.5 20.7664 18.0669 22.3334 20 22.3334Z\" stroke=\"white\" stroke-linecap=\"round\" stroke-linejoin=\"round\"><\/path><path d=\"M20 32.5C25.1547 30.1667 29.3346 23.988 29.3346 18.8333C29.3346 13.6787 25.156 9.5 20.0013 9.5C14.8466 9.5 10.668 13.6787 10.668 18.8333C10.668 23.988 14.8453 30.1667 20 32.5Z\" stroke=\"white\" stroke-linecap=\"round\" stroke-linejoin=\"round\"><\/path><\/g><defs><clippath id=\"clip0_484_460\"><rect width=\"28\" height=\"28\" fill=\"white\" transform=\"translate(6 6)\"><\/rect><\/clippath><\/defs><\/svg>\t\t\t\t<\/span>\n\t\t\t<\/div>\n\t\t\t\n\t\t\t\t\t\t<div class=\"elementor-icon-box-content\">\n\n\t\t\t\t\t\t\t\t\t<h3 class=\"elementor-icon-box-title\">\n\t\t\t\t\t\t<span  >\n\t\t\t\t\t\t\tAzaz Mall Shawa Syria\t\t\t\t\t\t<\/span>\n\t\t\t\t\t<\/h3>\n\t\t\t\t\n\t\t\t\t\n\t\t\t<\/div>\n\t\t\t\n\t\t<\/div>\n\t\t\t\t<\/div>\n\t\t\t\t<\/div>\n\t\t\t\t<\/div>\n\t\t\t\t<\/div>\n\t\t\t\t<\/div>\n\t\t\t\t<\/div>\n\t\t\t\t<\/div>\n\t\t\t\t<\/div>\n\t\t\t\t<\/div>\n\t\t\t\t<\/div>","protected":false},"excerpt":{"rendered":"<p>ABOUT US We are a brand new perfume company founded in 2022, but don&#8217;t let our age fool you Our founders have years of experience in the industry and are dedicated to creating high quality, affordable fragrances for all. At HELLO&#8217;S, we believe in complete transparency and control over every aspect of our products. From [&hellip;]<\/p>","protected":false},"author":1,"featured_media":0,"parent":0,"menu_order":0,"comment_status":"closed","ping_status":"closed","template":"page-full-width.php","meta":{"_acf_changed":false,"footnotes":""},"class_list":["post-577","page","type-page","status-publish","hentry"],"acf":[],"_links":{"self":[{"href":"https:\/\/hellos.tr\/ar\/wp-json\/wp\/v2\/pages\/577"}],"collection":[{"href":"https:\/\/hellos.tr\/ar\/wp-json\/wp\/v2\/pages"}],"about":[{"href":"https:\/\/hellos.tr\/ar\/wp-json\/wp\/v2\/types\/page"}],"author":[{"embeddable":true,"href":"https:\/\/hellos.tr\/ar\/wp-json\/wp\/v2\/users\/1"}],"replies":[{"embeddable":true,"href":"https:\/\/hellos.tr\/ar\/wp-json\/wp\/v2\/comments?post=577"}],"version-history":[{"count":171,"href":"https:\/\/hellos.tr\/ar\/wp-json\/wp\/v2\/pages\/577\/revisions"}],"predecessor-version":[{"id":8626,"href":"https:\/\/hellos.tr\/ar\/wp-json\/wp\/v2\/pages\/577\/revisions\/8626"}],"wp:attachment":[{"href":"https:\/\/hellos.tr\/ar\/wp-json\/wp\/v2\/media?parent=577"}],"curies":[{"name":"wp","href":"https:\/\/api.w.org\/{rel}","templated":true}]}}