{"id":1296,"date":"2024-06-26T10:24:53","date_gmt":"2024-06-26T10:24:53","guid":{"rendered":"https:\/\/elfrida.qodeinteractive.com\/?page_id=1296"},"modified":"2025-05-07T12:41:31","modified_gmt":"2025-05-07T12:41:31","slug":"contact-us","status":"publish","type":"page","link":"https:\/\/hellos.tr\/ar\/contact-us\/","title":{"rendered":"\u062a\u0648\u0627\u0635\u0644 \u0645\u0639\u0646\u0627"},"content":{"rendered":"<div data-elementor-type=\"wp-page\" data-elementor-id=\"1296\" class=\"elementor elementor-1296\" data-elementor-post-type=\"page\">\n\t\t\t\t<div class=\"elementor-element elementor-element-d6c667b e-con-full e-flex e-con e-parent\" data-id=\"d6c667b\" data-element_type=\"container\">\n\t\t<div class=\"elementor-element elementor-element-19fbef8 e-flex e-con-boxed e-con e-child\" data-id=\"19fbef8\" data-element_type=\"container\">\n\t\t\t\t\t<div class=\"e-con-inner\">\n\t\t<div class=\"elementor-element elementor-element-f5b7b2c e-con-full e-flex e-con e-child\" data-id=\"f5b7b2c\" data-element_type=\"container\">\n\t\t\t\t<div class=\"elementor-element elementor-element-53cb590 elementor-widget elementor-widget-heading\" data-id=\"53cb590\" data-element_type=\"widget\" data-widget_type=\"heading.default\">\n\t\t\t\t<div class=\"elementor-widget-container\">\n\t\t\t<h2 class=\"elementor-heading-title elementor-size-default\">\u062a\u0648\u0627\u0635\u0644 \u0645\u0639\u0646\u0627 \u0641\u064a \u0623\u064a \u0648\u0642\u062a<\/h2>\t\t<\/div>\n\t\t\t\t<\/div>\n\t\t\t\t<div class=\"elementor-element elementor-element-a157cf1 elementor-widget elementor-widget-heading\" data-id=\"a157cf1\" data-element_type=\"widget\" data-widget_type=\"heading.default\">\n\t\t\t\t<div class=\"elementor-widget-container\">\n\t\t\t<h2 class=\"elementor-heading-title elementor-size-default\">\u0647\u0644 \u0644\u062f\u064a\u0643 \u0623\u0633\u0626\u0644\u0629 \u0623\u0648 \u0628\u062d\u0627\u062c\u0629 \u0625\u0644\u0649 \u0627\u0644\u0645\u0633\u0627\u0639\u062f\u0629\u061f \u062a\u0648\u0627\u0635\u0644 \u0645\u0639\u0646\u0627 \u0648\u0633\u064a\u0643\u0648\u0646 \u0641\u0631\u064a\u0642\u0646\u0627 \u0627\u0644\u0645\u062a\u062e\u0635\u0635 \u0633\u0639\u064a\u062f\u064b\u0627 \u0628\u0645\u0633\u0627\u0639\u062f\u062a\u0643.<\/h2>\t\t<\/div>\n\t\t\t\t<\/div>\n\t\t\t\t<\/div>\n\t\t\t\t<div class=\"elementor-element elementor-element-ef3f0d3 elementor-widget__width-initial elementor-widget elementor-widget-wp-widget-elfrida_core_contact_form_7\" data-id=\"ef3f0d3\" data-element_type=\"widget\" data-widget_type=\"wp-widget-elfrida_core_contact_form_7.default\">\n\t\t\t\t<div class=\"elementor-widget-container\">\n\t\t\t\t\t\t<div class=\"qodef-contact-form-7\">\n\t\t\t\t\n<div class=\"wpcf7 no-js\" id=\"wpcf7-f1299-o1\" lang=\"en-US\" dir=\"ltr\">\n<div class=\"screen-reader-response\"><p role=\"status\" aria-live=\"polite\" aria-atomic=\"true\"><\/p> <ul><\/ul><\/div>\n<form action=\"\/wp-json\/wp\/v2\/pages\/1296\" method=\"post\" class=\"wpcf7-form init\" aria-label=\"Contact form\" novalidate=\"novalidate\" data-status=\"init\" data-trp-original-action=\"\/ar\/wp-json\/wp\/v2\/pages\/1296#wpcf7-f1299-o1\">\n<div style=\"display: none;\">\n<input type=\"hidden\" name=\"_wpcf7\" value=\"1299\" \/>\n<input type=\"hidden\" name=\"_wpcf7_version\" value=\"5.9.8\" \/>\n<input type=\"hidden\" name=\"_wpcf7_locale\" value=\"en_US\" \/>\n<input type=\"hidden\" name=\"_wpcf7_unit_tag\" value=\"wpcf7-f1299-o1\" \/>\n<input type=\"hidden\" name=\"_wpcf7_container_post\" value=\"0\" \/>\n<input type=\"hidden\" name=\"_wpcf7_posted_data_hash\" value=\"\" \/>\n<\/div>\n<div class=\"qodef-contact\">\n\n \n\n<span class=\"wpcf7-form-control-wrap\" data-name=\"your-name\"><input size=\"40\" maxlength=\"400\" class=\"wpcf7-form-control wpcf7-text wpcf7-validates-as-required\" aria-required=\"true\" aria-invalid=\"false\" placeholder=\"\u0627\u0644\u0627\u0633\u0645\" value=\"\" type=\"text\" name=\"your-name\" \/><\/span>\n\n \n\n<span class=\"wpcf7-form-control-wrap\" data-name=\"your-email\"><input size=\"40\" maxlength=\"400\" class=\"wpcf7-form-control wpcf7-email wpcf7-validates-as-required wpcf7-text wpcf7-validates-as-email\" aria-required=\"true\" aria-invalid=\"false\" placeholder=\"\u0627\u0644\u0628\u0631\u064a\u062f \u0627\u0644\u0625\u0644\u0643\u062a\u0631\u0648\u0646\u064a\" value=\"\" type=\"email\" name=\"your-email\" \/><\/span>\n\n \n\n<span class=\"wpcf7-form-control-wrap\" data-name=\"your-message\"><textarea cols=\"40\" rows=\"4\" maxlength=\"2000\" class=\"wpcf7-form-control wpcf7-textarea wpcf7-validates-as-required\" aria-required=\"true\" aria-invalid=\"false\" placeholder=\"\u0627\u0644\u0631\u0633\u0627\u0644\u0629\" name=\"your-message\"><\/textarea><\/span>\n\n \n\n<button class=\"wpcf7-form-control wpcf7-submit qodef-button qodef-size--normal qodef-layout--filled qodef-m\" type=\"submit\"><span class=\"qodef-m-text\">\u0627\u0631\u0633\u0627\u0644<\/span><\/button>\n\n<\/div><div class=\"wpcf7-response-output\" aria-hidden=\"true\"><\/div>\n<input type=\"hidden\" name=\"trp-form-language\" value=\"ar\"\/><\/form>\n<\/div>\n\t\t\t<\/div>\n\t\t\t\t\t<\/div>\n\t\t\t\t<\/div>\n\t\t<div class=\"elementor-element elementor-element-49e88e0 e-flex e-con-boxed e-con e-child\" data-id=\"49e88e0\" data-element_type=\"container\">\n\t\t\t\t\t<div class=\"e-con-inner\">\n\t\t\t\t<div class=\"elementor-element elementor-element-a38ebfa elementor-widget__width-initial elementor-widget elementor-widget-text-editor\" data-id=\"a38ebfa\" data-element_type=\"widget\" data-widget_type=\"text-editor.default\">\n\t\t\t\t<div class=\"elementor-widget-container\">\n\t\t\t\t\t\t\t<p>\u0646\u062d\u0646 \u0647\u0646\u0627 24\/7 \u0644\u0646\u0642\u062f\u0645 \u0644\u0643 \u0623\u0641\u0636\u0644 \u062e\u062f\u0645\u0629 \u0639\u0645\u0644\u0627\u0621.<\/p>\t\t\t\t\t\t<\/div>\n\t\t\t\t<\/div>\n\t\t\t\t<div class=\"elementor-element elementor-element-1f89368 elementor-widget__width-initial elementor-widget elementor-widget-text-editor\" data-id=\"1f89368\" data-element_type=\"widget\" data-widget_type=\"text-editor.default\">\n\t\t\t\t<div class=\"elementor-widget-container\">\n\t\t\t\t\t\t\t<div class=\"sc_icons_item with_more\"><div class=\"sc_icons_item_details\"><div class=\"sc_icons_item_description\"><p>\u0627\u0644\u0639\u0646\u0648\u0627\u0646<\/p><p>KAYABA\u015eI MAH. KAYA\u015eEH\u0130R BUL. AVRUPA KONUTLARI 1. ETAP S\u0130TES\u0130 1 BLOK A G\u0130R\u0130\u015e\u0130 NO: 55EB BA\u015eAK\u015eEH\u0130R \/ \u0130STANBUL<\/p><\/div><div class=\"sc_icons_item_description\"><a class=\"sc_icons_item_more_link\" style=\"text-transform: initial;\" href=\"tel: 905343653900\"><span class=\"link_text\">\u0627\u0644\u062c\u0648\u0627\u0644 : <span style=\"font-weight: 400;\">+<\/span><\/span><\/a><a class=\"sc_icons_item_more_link\" style=\"text-transform: initial;\" href=\"https:\/\/wa.me\/905343653900\">905343653900<\/a>.<\/div><div class=\"sc_icons_item_description\"><a class=\"underline_hover\" style=\"text-transform: initial;\" href=\"mailto:HR@elitestoreturkey.com\">\u0627\u0644\u0628\u0631\u064a\u062f \u0627\u0644\u0625\u0644\u0643\u062a\u0631\u0648\u0646\u064a<\/a><a class=\"underline_hover\" style=\"text-transform: initial;\" href=\"mailto:info@hellos.tr\"> info@hellos.tr .<\/a><\/div><\/div><\/div>\t\t\t\t\t\t<\/div>\n\t\t\t\t<\/div>\n\t\t<div class=\"elementor-element elementor-element-229a231 e-flex e-con-boxed e-con e-child\" data-id=\"229a231\" data-element_type=\"container\">\n\t\t\t\t\t<div class=\"e-con-inner\">\n\t\t\t\t<div class=\"elementor-element elementor-element-f81729a elementor-widget__width-initial e-grid-align-left elementor-shape-circle elementor-grid-0 elementor-widget elementor-widget-social-icons\" data-id=\"f81729a\" data-element_type=\"widget\" data-widget_type=\"social-icons.default\">\n\t\t\t\t<div class=\"elementor-widget-container\">\n\t\t\t\t\t<div class=\"elementor-social-icons-wrapper elementor-grid\">\n\t\t\t\t\t\t\t<span class=\"elementor-grid-item\">\n\t\t\t\t\t<a class=\"elementor-icon elementor-social-icon elementor-social-icon- elementor-animation-grow elementor-repeater-item-a763705\" href=\"https:\/\/www.facebook.com\/hellosperfumtr\" target=\"_blank\">\n\t\t\t\t\t\t<span class=\"elementor-screen-only\"><\/span>\n\t\t\t\t\t\t<svg xmlns=\"http:\/\/www.w3.org\/2000\/svg\" viewbox=\"0 0 512 512\"><path d=\"m75 512h167v-182h-60v-60h60v-75c0-41.355469 33.644531-75 75-75h75v60h-60c-16.542969 0-30 13.457031-30 30v60h87.292969l-10 60h-77.292969v182h135c41.355469 0 75-33.644531 75-75v-362c0-41.355469-33.644531-75-75-75h-362c-41.355469 0-75 33.644531-75 75v362c0 41.355469 33.644531 75 75 75zm-45-437c0-24.8125 20.1875-45 45-45h362c24.8125 0 45 20.1875 45 45v362c0 24.8125-20.1875 45-45 45h-105v-122h72.707031l20-120h-92.707031v-30h90v-120h-105c-57.898438 0-105 47.101562-105 105v45h-60v120h60v122h-137c-24.8125 0-45-20.1875-45-45zm0 0\"><\/path><\/svg>\t\t\t\t\t<\/a>\n\t\t\t\t<\/span>\n\t\t\t\t\t\t\t<span class=\"elementor-grid-item\">\n\t\t\t\t\t<a class=\"elementor-icon elementor-social-icon elementor-social-icon- elementor-animation-grow elementor-repeater-item-fa3e0d4\" href=\"https:\/\/www.instagram.com\/hellosperfumestr\/\" target=\"_blank\">\n\t\t\t\t\t\t<span class=\"elementor-screen-only\"><\/span>\n\t\t\t\t\t\t<svg xmlns=\"http:\/\/www.w3.org\/2000\/svg\" viewbox=\"0 0 512 512\"><path d=\"m75 512h362c41.355469 0 75-33.644531 75-75v-362c0-41.355469-33.644531-75-75-75h-362c-41.355469 0-75 33.644531-75 75v362c0 41.355469 33.644531 75 75 75zm-45-437c0-24.8125 20.1875-45 45-45h362c24.8125 0 45 20.1875 45 45v362c0 24.8125-20.1875 45-45 45h-362c-24.8125 0-45-20.1875-45-45zm0 0\"><\/path><path d=\"m256 391c74.4375 0 135-60.5625 135-135s-60.5625-135-135-135-135 60.5625-135 135 60.5625 135 135 135zm0-240c57.898438 0 105 47.101562 105 105s-47.101562 105-105 105-105-47.101562-105-105 47.101562-105 105-105zm0 0\"><\/path><path d=\"m406 151c24.8125 0 45-20.1875 45-45s-20.1875-45-45-45-45 20.1875-45 45 20.1875 45 45 45zm0-60c8.269531 0 15 6.730469 15 15s-6.730469 15-15 15-15-6.730469-15-15 6.730469-15 15-15zm0 0\"><\/path><\/svg>\t\t\t\t\t<\/a>\n\t\t\t\t<\/span>\n\t\t\t\t\t\t\t<span class=\"elementor-grid-item\">\n\t\t\t\t\t<a class=\"elementor-icon elementor-social-icon elementor-social-icon- elementor-animation-grow elementor-repeater-item-fe1fdb4\" href=\"https:\/\/www.linkedin.com\/company\/hellosperfumtr\/about\/?viewAsMember=true\" target=\"_blank\">\n\t\t\t\t\t\t<span class=\"elementor-screen-only\"><\/span>\n\t\t\t\t\t\t<svg xmlns=\"http:\/\/www.w3.org\/2000\/svg\" viewbox=\"0 0 512 512\"><path d=\"m437 0h-362c-41.355469 0-75 33.644531-75 75v362c0 41.355469 33.644531 75 75 75h362c41.355469 0 75-33.644531 75-75v-362c0-41.355469-33.644531-75-75-75zm45 437c0 24.8125-20.1875 45-45 45h-362c-24.8125 0-45-20.1875-45-45v-362c0-24.8125 20.1875-45 45-45h362c24.8125 0 45 20.1875 45 45zm0 0\"><\/path><path d=\"m91 422h90v-212h-90zm30-182h30v152h-30zm0 0\"><\/path><path d=\"m331.085938 210c-.027344 0-.058594 0-.085938 0-10.371094 0-20.472656 1.734375-30 5.101562v-5.101562h-90v212h90v-107c0-8.269531 6.730469-15 15-15s15 6.730469 15 15v107h90v-117.3125c0-48.546875-39.382812-94.640625-89.914062-94.6875zm59.914062 182h-30v-77c0-24.8125-20.1875-45-45-45s-44.996094 20.1875-45 44.996094v77.003906h-30v-152h30v30.019531l24.007812-18.03125c10.441407-7.84375 22.886719-11.988281 35.992188-11.988281h.058594c31.929687.03125 59.941406 30.257812 59.941406 64.6875zm0 0\"><\/path><path d=\"m91 180h90v-90h-90zm30-60h30v30h-30zm0 0\"><\/path><\/svg>\t\t\t\t\t<\/a>\n\t\t\t\t<\/span>\n\t\t\t\t\t\t\t<span class=\"elementor-grid-item\">\n\t\t\t\t\t<a class=\"elementor-icon elementor-social-icon elementor-social-icon- elementor-animation-grow elementor-repeater-item-fb5c79c\" href=\"https:\/\/x.com\/hellosperfumtr\" target=\"_blank\">\n\t\t\t\t\t\t<span class=\"elementor-screen-only\"><\/span>\n\t\t\t\t\t\t<svg xmlns=\"http:\/\/www.w3.org\/2000\/svg\" id=\"Capa_1\" viewbox=\"0 0 1226.37 1226.37\"><path d=\"m727.348 519.284 446.727-519.284h-105.86l-387.893 450.887-309.809-450.887h-357.328l468.492 681.821-468.492 544.549h105.866l409.625-476.152 327.181 476.152h357.328l-485.863-707.086zm-144.998 168.544-47.468-67.894-377.686-540.24h162.604l304.797 435.991 47.468 67.894 396.2 566.721h-162.604l-323.311-462.446z\"><\/path><g><\/g><g><\/g><g><\/g><g><\/g><g><\/g><g><\/g><g><\/g><g><\/g><g><\/g><g><\/g><g><\/g><g><\/g><g><\/g><g><\/g><g><\/g><\/svg>\t\t\t\t\t<\/a>\n\t\t\t\t<\/span>\n\t\t\t\t\t\t\t<span class=\"elementor-grid-item\">\n\t\t\t\t\t<a class=\"elementor-icon elementor-social-icon elementor-social-icon- elementor-animation-grow elementor-repeater-item-7e2b378\" href=\"https:\/\/www.tiktok.com\/@hellosperfumtr?_t=8qzzdezEJ8h&#038;_r=1\" target=\"_blank\">\n\t\t\t\t\t\t<span class=\"elementor-screen-only\"><\/span>\n\t\t\t\t\t\t<svg xmlns=\"http:\/\/www.w3.org\/2000\/svg\" xmlns:cc=\"http:\/\/creativecommons.org\/ns#\" xmlns:dc=\"http:\/\/purl.org\/dc\/elements\/1.1\/\" xmlns:inkscape=\"http:\/\/www.inkscape.org\/namespaces\/inkscape\" xmlns:rdf=\"http:\/\/www.w3.org\/1999\/02\/22-rdf-syntax-ns#\" xmlns:sodipodi=\"http:\/\/sodipodi.sourceforge.net\/DTD\/sodipodi-0.dtd\" xmlns:svg=\"http:\/\/www.w3.org\/2000\/svg\" id=\"svg11\" clip-rule=\"evenodd\" fill-rule=\"evenodd\" stroke-linejoin=\"round\" stroke-miterlimit=\"2\" viewbox=\"0 0 64 64\"><path id=\"path4\" d=\"m32.999958 7.0001217c-.552002 0-1.000003.4480014-1.000003 1.0000031v34.0001052c0 2.760009-2.240007 5.000016-5.000016 5.000016-2.760008 0-5.000015-2.240007-5.000015-5.000016 0-2.760008 2.240007-5.000015 5.000015-5.000015.552002 0 1.000003-.448002 1.000003-1.000003v-8.000025c0-.552002-.448001-1.000003-1.000003-1.000003-8.279025 0-15.000046 6.721021-15.000046 15.000046 0 8.279026 6.721021 15.000047 15.000046 15.000047 8.279026 0 15.000047-6.721021 15.000047-15.000047v-16.506051c2.136006.967003 4.505014 1.506005 7.000021 1.506005h2.000007c.552001 0 1.000003-.448002 1.000003-1.000003v-8.000025c0-.552002-.448002-1.000003-1.000003-1.000003h-2.000007c-3.863012 0-7.000021-3.13701-7.000021-7.000022v-2.0000062c0-.5520017-.448002-1.0000031-1.000003-1.0000031zm1.000003 2.0000062h6.000018v1.0000031c0 4.967015 4.033013 9.000028 9.000028 9.000028h1.000004v6.000018h-1.000004c-2.731008 0-5.292016-.731002-7.499023-2.009006-.309001-.179-.691002-.179-1.000003-.001-.310001.179001-.501002.509002-.501002.867003v18.143056c0 7.175022-5.825018 13.000041-13.00004 13.000041s-13.00004-5.825019-13.00004-13.000041c0-6.838021 5.292016-12.451038 12.000037-12.96204v6.033019c-3.39001.486001-6.000018 3.40501-6.000018 6.929021 0 3.863012 3.137009 7.000022 7.000021 7.000022s7.000022-3.13701 7.000022-7.000022z\"><\/path><\/svg>\t\t\t\t\t<\/a>\n\t\t\t\t<\/span>\n\t\t\t\t\t\t\t<span class=\"elementor-grid-item\">\n\t\t\t\t\t<a class=\"elementor-icon elementor-social-icon elementor-social-icon- elementor-animation-grow elementor-repeater-item-bca3c02\" href=\"https:\/\/wa.me\/905343653900\" target=\"_blank\">\n\t\t\t\t\t\t<span class=\"elementor-screen-only\"><\/span>\n\t\t\t\t\t\t<svg xmlns=\"http:\/\/www.w3.org\/2000\/svg\" viewbox=\"0 0 512 512\"><path d=\"m123.832031 475.464844c39.558594 23.804687 84.789063 36.351562 131.261719 36.351562 140.824219 0 256.90625-114.914062 256.90625-255.910156 0-140.832031-115.917969-255.90625-256.90625-255.90625-140.558594 0-254.910156 114.800781-254.910156 255.90625 0 47.09375 12.550781 92.667969 36.351562 132.257812l-36.535156 123.835938zm-93.65625-219.558594c0-124.570312 100.898438-225.917969 224.917969-225.917969 125.121094 0 226.917969 101.347657 226.917969 225.917969 0 124.574219-101.796875 225.917969-226.917969 225.917969-43.054688 0-84.894531-12.195313-120.984375-35.273438l-5.765625-3.683593-83.988281 24.78125 24.777343-83.992188-3.683593-5.761719c-23.078125-36.097656-35.273438-78.277343-35.273438-121.988281zm0 0\"><\/path><path d=\"m124.628906 208.753906c4.953125 26.011719 19.65625 76.042969 62.464844 118.851563 42.808594 42.808593 92.839844 57.515625 118.855469 62.46875 29.789062 5.671875 73.503906 6.527343 94.867187-14.835938l11.910156-11.910156c6.011719-6.011719 9.324219-14.007813 9.324219-22.511719s-3.3125-16.496094-9.324219-22.507812l-47.628906-47.628906c-6.015625-6.015626-14.007812-9.324219-22.511718-9.324219-8.503907 0-16.496094 3.308593-22.511719 9.324219l-11.90625 11.90625c-7.273438 7.273437-21.003907 7.304687-28.332031.089843l-47.507813-49.5c-.070313-.074219-.140625-.148437-.214844-.21875-7.285156-7.285156-7.285156-19.140625 0-26.425781l11.90625-11.90625c12.445313-12.445312 12.445313-32.582031 0-45.023438l-47.628906-47.628906c-12.410156-12.410156-32.605469-12.410156-45.019531 0l-11.90625 11.910156v-.003906c-17.050782 17.054688-22.734375 53.40625-14.835938 94.875zm36.042969-73.664062c12.5-12.214844 11.832031-12.449219 13.210937-12.449219.472657 0 .945313.179687 1.304688.539063 50.1875 50.457031 48.171875 47.492187 48.171875 48.9375 0 .503906-.183594.945312-.539063 1.304687l-11.910156 11.90625c-18.964844 18.964844-19.039062 49.664063-.121094 68.714844l47.535157 49.53125c.074219.070312.144531.144531.21875.21875 18.960937 18.960937 51.808593 19.023437 70.832031 0l11.90625-11.90625c.71875-.71875 1.890625-.71875 2.609375 0 50.1875 50.453125 48.171875 47.488281 48.171875 48.933593 0 .507813-.183594.945313-.539062 1.304688l-11.910157 11.90625c-8.160156 8.160156-34.152343 13.042969-68.054687 6.585938-22.625-4.3125-66.128906-17.085938-103.257813-54.214844-37.128906-37.128906-49.902343-80.632813-54.210937-103.257813-6.460938-33.902343-1.578125-59.898437 6.582031-68.054687zm0 0\"><\/path><\/svg>\t\t\t\t\t<\/a>\n\t\t\t\t<\/span>\n\t\t\t\t\t\t\t<span class=\"elementor-grid-item\">\n\t\t\t\t\t<a class=\"elementor-icon elementor-social-icon elementor-social-icon- elementor-animation-grow elementor-repeater-item-097ae79\" href=\"https:\/\/www.youtube.com\/@hellosperfumtr\" target=\"_blank\">\n\t\t\t\t\t\t<span class=\"elementor-screen-only\"><\/span>\n\t\t\t\t\t\t<svg xmlns=\"http:\/\/www.w3.org\/2000\/svg\" viewbox=\"0 -61 512 512\"><path d=\"m75 390h362c41.355469 0 75-33.644531 75-75v-240c0-41.355469-33.644531-75-75-75h-362c-41.355469 0-75 33.644531-75 75v240c0 41.355469 33.644531 75 75 75zm-45-315c0-24.8125 20.1875-45 45-45h362c24.8125 0 45 20.1875 45 45v240c0 24.8125-20.1875 45-45 45h-362c-24.8125 0-45-20.1875-45-45zm0 0\"><\/path><path d=\"m181 94.507812v203.898438l180.5-103.621094zm30 50.984376 89.5 49.722656-89.5 51.378906zm0 0\"><\/path><\/svg>\t\t\t\t\t<\/a>\n\t\t\t\t<\/span>\n\t\t\t\t\t<\/div>\n\t\t\t\t<\/div>\n\t\t\t\t<\/div>\n\t\t\t\t\t<\/div>\n\t\t\t\t<\/div>\n\t\t\t\t\t<\/div>\n\t\t\t\t<\/div>\n\t\t\t\t\t<\/div>\n\t\t\t\t<\/div>\n\t\t\t\t<div class=\"elementor-element elementor-element-a22ac0f elementor-widget__width-inherit elementor-widget elementor-widget-google_maps\" data-id=\"a22ac0f\" data-element_type=\"widget\" data-widget_type=\"google_maps.default\">\n\t\t\t\t<div class=\"elementor-widget-container\">\n\t\t\t\t\t<div class=\"elementor-custom-embed\">\n\t\t\t<iframe loading=\"lazy\"\n\t\t\t\t\tsrc=\"https:\/\/maps.google.com\/maps?q=Kayaba%C5%9F%C4%B1%20Mah.%20Kaya%C5%9Fehir%20Bul.%20Avrupa%20%20Konutlar%C4%B1%201.%20Etap%20Sitesi%201%20Blok%20A%20%20Giri%C5%9Fi%20No%3A%2055ea%20Ba%C5%9Fak%C5%9Fehir%2C%20Istanbul%2C%20Turkey&#038;t=m&#038;z=10&#038;output=embed&#038;iwloc=near\"\n\t\t\t\t\ttitle=\"Kayaba\u015f\u0131 Mah. Kaya\u015fehir Bul. Avrupa  Konutlar\u0131 1. Etap Sitesi 1 Blok A  Giri\u015fi No: 55ea Ba\u015fak\u015fehir, Istanbul, Turkey\"\n\t\t\t\t\taria-label=\"Kayaba\u015f\u0131 Mah. Kaya\u015fehir Bul. Avrupa  Konutlar\u0131 1. Etap Sitesi 1 Blok A  Giri\u015fi No: 55ea Ba\u015fak\u015fehir, Istanbul, Turkey\"\n\t\t\t><\/iframe>\n\t\t<\/div>\n\t\t\t\t<\/div>\n\t\t\t\t<\/div>\n\t\t\t\t<\/div>\n\t\t\t\t<\/div>","protected":false},"excerpt":{"rendered":"<p>Contact Us Anytime Have questions or need assistance? Reach out to us and our dedicated team will be happy to help you. We are here 24\/7 to give you best customer service. Address : KAYABA\u015eI MAH. KAYA\u015eEH\u0130R BUL. AVRUPA KONUTLARI 1. ETAP S\u0130TES\u0130 1 BLOK A G\u0130R\u0130\u015e\u0130 NO: 55EB BA\u015eAK\u015eEH\u0130R \/ \u0130STANBUL Phone : +905343653900.Email [&hellip;]<\/p>","protected":false},"author":1,"featured_media":0,"parent":0,"menu_order":0,"comment_status":"closed","ping_status":"closed","template":"page-full-width.php","meta":{"_acf_changed":false,"footnotes":""},"class_list":["post-1296","page","type-page","status-publish","hentry"],"acf":[],"_links":{"self":[{"href":"https:\/\/hellos.tr\/ar\/wp-json\/wp\/v2\/pages\/1296"}],"collection":[{"href":"https:\/\/hellos.tr\/ar\/wp-json\/wp\/v2\/pages"}],"about":[{"href":"https:\/\/hellos.tr\/ar\/wp-json\/wp\/v2\/types\/page"}],"author":[{"embeddable":true,"href":"https:\/\/hellos.tr\/ar\/wp-json\/wp\/v2\/users\/1"}],"replies":[{"embeddable":true,"href":"https:\/\/hellos.tr\/ar\/wp-json\/wp\/v2\/comments?post=1296"}],"version-history":[{"count":135,"href":"https:\/\/hellos.tr\/ar\/wp-json\/wp\/v2\/pages\/1296\/revisions"}],"predecessor-version":[{"id":8623,"href":"https:\/\/hellos.tr\/ar\/wp-json\/wp\/v2\/pages\/1296\/revisions\/8623"}],"wp:attachment":[{"href":"https:\/\/hellos.tr\/ar\/wp-json\/wp\/v2\/media?parent=1296"}],"curies":[{"name":"wp","href":"https:\/\/api.w.org\/{rel}","templated":true}]}}